{"id":176,"date":"2025-07-23T17:52:34","date_gmt":"2025-07-23T17:52:34","guid":{"rendered":"https:\/\/cappi.peggert.net\/?page_id=176"},"modified":"2025-09-06T22:49:04","modified_gmt":"2025-09-06T20:49:04","slug":"mentions-legales","status":"publish","type":"page","link":"https:\/\/cappi-sustainability.com\/fr\/legal-notice\/","title":{"rendered":"Mentions l\u00e9gales"},"content":{"rendered":"<div data-elementor-type=\"wp-page\" data-elementor-id=\"176\" class=\"elementor elementor-176\" data-elementor-post-type=\"page\">\n\t\t\t\t<div data-particle_enable=\"false\" data-particle-mobile-disabled=\"false\" class=\"elementor-element elementor-element-977f72a e-flex e-con-boxed e-con e-parent\" data-id=\"977f72a\" data-element_type=\"container\" data-e-type=\"container\" data-settings=\"{&quot;background_background&quot;:&quot;classic&quot;,&quot;jet_parallax_layout_list&quot;:[]}\">\n\t\t\t\t\t<div class=\"e-con-inner\">\n\t\t\t\t<div class=\"elementor-element elementor-element-50bbcf8 elementor-widget elementor-widget-heading\" data-id=\"50bbcf8\" data-element_type=\"widget\" data-e-type=\"widget\" data-widget_type=\"heading.default\">\n\t\t\t\t<div class=\"elementor-widget-container\">\n\t\t\t\t\t<h1 class=\"elementor-heading-title elementor-size-default\">Mentions l\u00e9gales<\/h1>\t\t\t\t<\/div>\n\t\t\t\t<\/div>\n\t\t\t\t<div class=\"elementor-element elementor-element-2a495fd elementor-widget__width-initial elementor-absolute e-transform e-transform elementor-widget elementor-widget-spacer\" data-id=\"2a495fd\" data-element_type=\"widget\" data-e-type=\"widget\" data-settings=\"{&quot;_position&quot;:&quot;absolute&quot;,&quot;_transform_rotateZ_effect&quot;:{&quot;unit&quot;:&quot;px&quot;,&quot;size&quot;:197,&quot;sizes&quot;:[]},&quot;_transform_scale_effect&quot;:{&quot;unit&quot;:&quot;px&quot;,&quot;size&quot;:3.5,&quot;sizes&quot;:[]},&quot;_transform_rotateZ_effect_tablet&quot;:{&quot;unit&quot;:&quot;deg&quot;,&quot;size&quot;:&quot;&quot;,&quot;sizes&quot;:[]},&quot;_transform_rotateZ_effect_mobile&quot;:{&quot;unit&quot;:&quot;deg&quot;,&quot;size&quot;:&quot;&quot;,&quot;sizes&quot;:[]},&quot;_transform_scale_effect_tablet&quot;:{&quot;unit&quot;:&quot;px&quot;,&quot;size&quot;:&quot;&quot;,&quot;sizes&quot;:[]},&quot;_transform_scale_effect_mobile&quot;:{&quot;unit&quot;:&quot;px&quot;,&quot;size&quot;:&quot;&quot;,&quot;sizes&quot;:[]}}\" data-widget_type=\"spacer.default\">\n\t\t\t\t<div class=\"elementor-widget-container\">\n\t\t\t\t\t\t\t<div class=\"elementor-spacer\">\n\t\t\t<div class=\"elementor-spacer-inner\"><\/div>\n\t\t<\/div>\n\t\t\t\t\t\t<\/div>\n\t\t\t\t<\/div>\n\t\t\t\t\t<\/div>\n\t\t\t\t<\/div>\n\t\t<div data-particle_enable=\"false\" data-particle-mobile-disabled=\"false\" class=\"elementor-element elementor-element-315a7d3 e-flex e-con-boxed e-con e-parent\" data-id=\"315a7d3\" data-element_type=\"container\" data-e-type=\"container\" data-settings=\"{&quot;jet_parallax_layout_list&quot;:[],&quot;background_background&quot;:&quot;classic&quot;}\">\n\t\t\t\t\t<div class=\"e-con-inner\">\n\t\t\t\t<div class=\"elementor-element elementor-element-2c021bf7 elementor-widget elementor-widget-text-editor\" data-id=\"2c021bf7\" data-element_type=\"widget\" data-e-type=\"widget\" data-widget_type=\"text-editor.default\">\n\t\t\t\t<div class=\"elementor-widget-container\">\n\t\t\t\t\t\t\t\t\t\n<p><strong>Cappi BV<\/strong><br \/>Weena 788<br \/>3014 DA Rotterdam<br \/>Pays-Bas<\/p>\n\n<p>E-mail: <a>connect@cappi-sustainability.com<\/a><br \/>T\u00e9l\u00e9phone : +31 618 048 468<\/p>\n\n<p><strong>Num\u00e9ro de la Chambre de commerce (KvK) :<\/strong> 97561207<br \/><strong>Num\u00e9ro de TVA :<\/strong> N1868110991801<br \/><strong>Forme juridique :<\/strong> Besloten Vennootschap (soci\u00e9t\u00e9 priv\u00e9e \u00e0 responsabilit\u00e9 limit\u00e9e)<\/p>\n\n<p>\u00a0<\/p>\n\t\t\t\t\t\t\t\t<\/div>\n\t\t\t\t<\/div>\n\t\t\t\t\t<\/div>\n\t\t\t\t<\/div>\n\t\t\t\t<\/div>","protected":false},"excerpt":{"rendered":"<p>Cappi B.V.Weena 7883014 DA RotterdamThe Netherlands Email: connect@cappi-sustainability.comPhone: +31 618 048 468 Chamber of Commerce (KvK) Number: 97561207VAT Number: N1868110991801Legal Form: Besloten Vennootschap (Private Limited Company) \u00a0<\/p>","protected":false},"author":1,"featured_media":0,"parent":0,"menu_order":0,"comment_status":"closed","ping_status":"closed","template":"","meta":{"iawp_total_views":31,"footnotes":""},"class_list":["post-176","page","type-page","status-publish","hentry"],"_links":{"self":[{"href":"https:\/\/cappi-sustainability.com\/fr\/wp-json\/wp\/v2\/pages\/176","targetHints":{"allow":["GET"]}}],"collection":[{"href":"https:\/\/cappi-sustainability.com\/fr\/wp-json\/wp\/v2\/pages"}],"about":[{"href":"https:\/\/cappi-sustainability.com\/fr\/wp-json\/wp\/v2\/types\/page"}],"author":[{"embeddable":true,"href":"https:\/\/cappi-sustainability.com\/fr\/wp-json\/wp\/v2\/users\/1"}],"replies":[{"embeddable":true,"href":"https:\/\/cappi-sustainability.com\/fr\/wp-json\/wp\/v2\/comments?post=176"}],"version-history":[{"count":18,"href":"https:\/\/cappi-sustainability.com\/fr\/wp-json\/wp\/v2\/pages\/176\/revisions"}],"predecessor-version":[{"id":5420,"href":"https:\/\/cappi-sustainability.com\/fr\/wp-json\/wp\/v2\/pages\/176\/revisions\/5420"}],"wp:attachment":[{"href":"https:\/\/cappi-sustainability.com\/fr\/wp-json\/wp\/v2\/media?parent=176"}],"curies":[{"name":"wp","href":"https:\/\/api.w.org\/{rel}","templated":true}]}}