{"id":3,"date":"2025-01-16T14:28:27","date_gmt":"2025-01-16T14:28:27","guid":{"rendered":"https:\/\/cappi.peggert.net\/?page_id=3"},"modified":"2025-09-08T21:52:57","modified_gmt":"2025-09-08T19:52:57","slug":"datenschutzrichtlinie","status":"publish","type":"page","link":"https:\/\/cappi-sustainability.com\/de\/privacy-policy\/","title":{"rendered":"Datenschutzrichtlinie"},"content":{"rendered":"<div data-elementor-type=\"wp-page\" data-elementor-id=\"3\" class=\"elementor elementor-3\" data-elementor-post-type=\"page\">\n\t\t\t\t<div data-particle_enable=\"false\" data-particle-mobile-disabled=\"false\" class=\"elementor-element elementor-element-03ea985 e-flex e-con-boxed e-con e-parent\" data-id=\"03ea985\" data-element_type=\"container\" data-e-type=\"container\" data-settings=\"{&quot;background_background&quot;:&quot;classic&quot;,&quot;jet_parallax_layout_list&quot;:[]}\">\n\t\t\t\t\t<div class=\"e-con-inner\">\n\t\t\t\t<div class=\"elementor-element elementor-element-029c530 elementor-widget elementor-widget-heading\" data-id=\"029c530\" data-element_type=\"widget\" data-e-type=\"widget\" data-widget_type=\"heading.default\">\n\t\t\t\t<div class=\"elementor-widget-container\">\n\t\t\t\t\t<h1 class=\"elementor-heading-title elementor-size-default\">Datenschutzrichtlinie<\/h1>\t\t\t\t<\/div>\n\t\t\t\t<\/div>\n\t\t\t\t<div class=\"elementor-element elementor-element-4eb0709 elementor-widget__width-initial elementor-absolute e-transform e-transform elementor-widget elementor-widget-spacer\" data-id=\"4eb0709\" data-element_type=\"widget\" data-e-type=\"widget\" data-settings=\"{&quot;_position&quot;:&quot;absolute&quot;,&quot;_transform_rotateZ_effect&quot;:{&quot;unit&quot;:&quot;px&quot;,&quot;size&quot;:197,&quot;sizes&quot;:[]},&quot;_transform_scale_effect&quot;:{&quot;unit&quot;:&quot;px&quot;,&quot;size&quot;:3.5,&quot;sizes&quot;:[]},&quot;_transform_rotateZ_effect_tablet&quot;:{&quot;unit&quot;:&quot;deg&quot;,&quot;size&quot;:&quot;&quot;,&quot;sizes&quot;:[]},&quot;_transform_rotateZ_effect_mobile&quot;:{&quot;unit&quot;:&quot;deg&quot;,&quot;size&quot;:&quot;&quot;,&quot;sizes&quot;:[]},&quot;_transform_scale_effect_tablet&quot;:{&quot;unit&quot;:&quot;px&quot;,&quot;size&quot;:&quot;&quot;,&quot;sizes&quot;:[]},&quot;_transform_scale_effect_mobile&quot;:{&quot;unit&quot;:&quot;px&quot;,&quot;size&quot;:&quot;&quot;,&quot;sizes&quot;:[]}}\" data-widget_type=\"spacer.default\">\n\t\t\t\t<div class=\"elementor-widget-container\">\n\t\t\t\t\t\t\t<div class=\"elementor-spacer\">\n\t\t\t<div class=\"elementor-spacer-inner\"><\/div>\n\t\t<\/div>\n\t\t\t\t\t\t<\/div>\n\t\t\t\t<\/div>\n\t\t\t\t\t<\/div>\n\t\t\t\t<\/div>\n\t\t<div data-particle_enable=\"false\" data-particle-mobile-disabled=\"false\" class=\"elementor-element elementor-element-532162c e-flex e-con-boxed e-con e-parent\" data-id=\"532162c\" data-element_type=\"container\" data-e-type=\"container\" data-settings=\"{&quot;jet_parallax_layout_list&quot;:[]}\">\n\t\t\t\t\t<div class=\"e-con-inner\">\n\t\t\t\t<div class=\"elementor-element elementor-element-573f71d elementor-widget elementor-widget-text-editor\" data-id=\"573f71d\" data-element_type=\"widget\" data-e-type=\"widget\" data-widget_type=\"text-editor.default\">\n\t\t\t\t<div class=\"elementor-widget-container\">\n\t\t\t\t\t\t\t\t\t<article><header>\n<p>Letzte Aktualisierung: 13. August 2025<\/p>\n<\/header>\n<section aria-labelledby=\"contents\">\n<h2><span style=\"color: #11121e;\">Inhaltsverzeichnis<\/span><\/h2>\n<ol>\n<li><a href=\"#overview\">Datenschutz auf einen Blick<\/a><\/li>\n<li><a href=\"#controller\">Informationen zum Verantwortlichen<\/a><\/li>\n<li><a href=\"#hosting\">Hosting und Content Delivery Network (CDN)<\/a><\/li>\n<li><a href=\"#legal-bases\">Allgemeine Hinweise zu Rechtsgrundlagen<\/a><\/li>\n<li><a href=\"#third-countries\">\u00dcbermittlungen in Drittl\u00e4nder und EU-US-DPF<\/a><\/li>\n<li><a href=\"#recipients\">Empf\u00e4nger personenbezogener Daten<\/a><\/li>\n<li><a href=\"#your-rights\">Ihre Rechte<\/a><\/li>\n<li><a href=\"#retention\">Aufbewahrungszeitraum<\/a><\/li>\n<li><a href=\"#security\">SSL\/TLS-Verschl\u00fcsselung<\/a><\/li>\n<li><a href=\"#collection\">Auf dieser Website erfasste Daten<\/a>\n<ol>\n<li><a href=\"#cookies\">Cookies, Local Storage &amp; Consent Management (Complianz)<\/a><\/li>\n<li><a href=\"#server-logs\">Server-Log-Dateien<\/a><\/li>\n<li><a href=\"#contacting-us\">Kontaktaufnahme per E-Mail<\/a><\/li>\n<li><a href=\"#newsletter\">Newsletter (falls verwendet)<\/a><\/li>\n<\/ol>\n<\/li>\n<li><a href=\"#analytics\">Webanalyse (selbst gehostet)<\/a><\/li>\n<li><a href=\"#plugins\">Plugins und Inhalte von Drittanbietern<\/a>\n<ol>\n<li><a href=\"#googlemaps\">Google Maps<\/a><\/li>\n<li><a href=\"#youtube\">YouTube (Einwilligungs- und erweiterter Datenschutzmodus)<\/a><\/li>\n<li><a href=\"#fonts\">Google Fonts (lokal), Font Awesome (lokal)<\/a><\/li>\n<li><a href=\"#wordfence\">Wordfence<\/a><\/li>\n<\/ol>\n<\/li>\n<li><a href=\"#dpa\">Auftragsverarbeitungsvertrag<\/a><\/li>\n<li><a href=\"#changes\">\u00c4nderungen dieser Richtlinie<\/a><\/li>\n<li><a href=\"#contact-info\">Kontaktinformationen<\/a><\/li>\n<\/ol>\n<p>\u00a0<\/p>\n<\/section>\n<section>\n<h2>1. Datenschutz auf einen Blick<\/h2>\n<h3>Allgemeine Informationen<\/h3>\n<p>Die folgenden Hinweise geben einen einfachen \u00dcberblick dar\u00fcber, was mit Ihren personenbezogenen Daten passiert, wenn Sie diese Website besuchen. Personenbezogene Daten sind alle Daten, mit denen Sie pers\u00f6nlich identifiziert werden k\u00f6nnen. Ausf\u00fchrliche Informationen zum Thema Datenschutz finden Sie in der folgenden Datenschutzerkl\u00e4rung.<\/p>\n<h3>Datenerfassung auf dieser Website<\/h3>\n<p><strong>Wer ist verantwortlich f\u00fcr die Datenerfassung auf dieser Website?<\/strong> Die Datenverarbeitung auf dieser Website erfolgt durch den Websitebetreiber, die Cappi BV <strong>Wie erfassen wir Ihre Daten?<\/strong> Einige Daten werden zum einen dadurch erhoben, dass Sie uns diese mitteilen, beispielsweise indem Sie uns eine E-Mail senden. Andere Daten werden automatisch oder nach Ihrer Einwilligung beim Besuch der Website erhoben (z. B. Browsertyp, Betriebssystem, Zugriffszeit, IP-Adresse \u2013 soweit m\u00f6glich gek\u00fcrzt oder anonymisiert). Die Erfassung dieser Daten erfolgt automatisch, sobald Sie unsere Website betreten. <strong>Wof\u00fcr nutzen wir Ihre Daten?<\/strong> Ein Teil der Daten wird erhoben, um eine fehlerfreie Bereitstellung der Website zu gew\u00e4hrleisten. Andere Daten k\u00f6nnen zur statistischen Auswertung der Nutzung verwendet werden. Sofern die Website zur Anbahnung vertraglicher Anfragen genutzt wird, k\u00f6nnen die \u00fcbermittelten Daten zum Zwecke der Bearbeitung dieser Anfragen verarbeitet werden.<\/p>\n<h3>Analyse-Tools und Tools von Drittanbietern<\/h3>\n<p>Beim Besuch dieser Website kann Ihr Surfverhalten statistisch ausgewertet werden. Dies geschieht prim\u00e4r mit einem selbstgehosteten, unabh\u00e4ngigen Analysetool ohne Weitergabe an Dritte. Siehe <a href=\"#analytics\">\u201eWeb Analytics (selbst gehostet)\u201c<\/a> f\u00fcr Details.<\/p>\n<\/section>\n<section>\n<h2>2. Informationen zum Verantwortlichen<\/h2>\n<p>Verantwortlicher im Sinne der Datenschutz-Grundverordnung (DSGVO) ist:<\/p>\n<address><b>Cappi BV<\/b>\u00a0Weena 788<br data-start=\"131\" data-end=\"134\" \/>3014 DA Rotterdam\u00a0<\/address><\/section>\n<address>E-Mail: <a class=\"decorated-link cursor-pointer\" rel=\"noopener\" data-start=\"178\" data-end=\"210\">connect@cappi-sustainability.com<\/a><br data-start=\"210\" data-end=\"213\" \/>Telefon: +31 618 048 468<\/address>\n<section>\n<p>Verantwortlicher ist die nat\u00fcrliche oder juristische Person, die allein oder gemeinsam mit anderen \u00fcber die Zwecke und Mittel der Verarbeitung von personenbezogenen Daten entscheidet.<\/p>\n<\/section>\n<section>\n<h2>3. Hosting und Content Delivery Network (CDN)<\/h2>\n<h3>Externes Hosting<\/h3>\n<p>Diese Website wird bei einem externen Dienstleister gehostet. Personenbezogene Daten, die auf dieser Website erfasst werden, werden auf den Servern des Hosting-Anbieters gespeichert. Dazu geh\u00f6ren beispielsweise IP-Adressen, Kontaktanfragen, Meta- und Kommunikationsdaten, Vertragsdaten, Kontaktdaten, Namen, Seitenaufrufe und sonstige Daten, die \u00fcber eine Website generiert werden. Das externe Hosting erfolgt zum Zwecke der Vertragserf\u00fcllung gegen\u00fcber potenziellen und bestehenden Anfragenden (Art. 6 Abs. 1 lit. b DSGVO) und im Interesse einer sicheren, schnellen und effizienten Bereitstellung unseres Online-Angebots durch einen professionellen Anbieter (Art. 6 Abs. 1 lit. f DSGVO). Sofern eine Einwilligung abgefragt wird, erfolgt die Verarbeitung ausschlie\u00dflich auf Grundlage von Art. 6 Abs. 1 lit. a DSGVO und \u00a7 25 Abs. 1 TDDDG, sofern die Einwilligung die Speicherung von Cookies oder den Zugriff auf Informationen auf dem Ger\u00e4t des Nutzers umfasst. Die Einwilligung ist jederzeit widerrufbar. <strong>Verwendeter Hosting-Anbieter:<\/strong> HOSTINGER Operations, UAB, \u0160vitrigailos g. 34, 03230 Vilnius, Litauen.<\/p>\n<h3>Content Delivery Network (CDN) \u2013 Hostinger<\/h3>\n<p>Zur Optimierung der Auslieferung und Verk\u00fcrzung der Ladezeiten nutzen wir ein Content Delivery Network (CDN) unseres Hostinganbieters. Die Auslieferung der Inhalte erfolgt \u00fcber verteilte Serverstandorte, was technisch eine \u00dcbermittlung Ihrer IP-Adresse an die jeweiligen CDN-Knoten erfordert. Der Einsatz des CDN erfolgt auf Grundlage unseres berechtigten Interesses an einer sicheren und effizienten Bereitstellung unseres Online-Angebots gem. Art. 6 Abs. 1 lit. f DSGVO.<\/p>\n<div><strong>Notiz:<\/strong> Mit unserem Hosting-Anbieter haben wir einen Auftragsverarbeitungsvertrag (Art. 28 DSGVO) abgeschlossen. Die Verarbeitung erfolgt ausschlie\u00dflich nach unseren Weisungen und unter Einhaltung der DSGVO.<\/div>\n<\/section>\n<section>\n<h2>4. Allgemeine Hinweise zu den Rechtsgrundlagen der Verarbeitung<\/h2>\n<p>Sofern Sie in die Verarbeitung eingewilligt haben, verarbeiten wir Ihre personenbezogenen Daten auf Grundlage von Art. 6 Abs. 1 lit. a DSGVO sowie, sofern besondere Kategorien personenbezogener Daten gem\u00e4\u00df Art. 9 Abs. 1 DSGVO verarbeitet werden, auf Grundlage von Art. 9 Abs. 2 lit. a DSGVO. Im Falle einer ausdr\u00fccklichen Einwilligung in Drittland\u00fcbermittlungen erfolgt die Verarbeitung zus\u00e4tzlich auf Grundlage von Art. 49 Abs. 1 lit. a DSGVO. Soweit Sie in die Speicherung von Cookies oder den Zugriff auf Informationen auf Ihrem Endger\u00e4t eingewilligt haben, erfolgt die Verarbeitung zus\u00e4tzlich auf Grundlage von \u00a7 25 Abs. 1 TDDDG. Die Einwilligung ist jederzeit widerrufbar. Sofern Ihre Daten zur Erf\u00fcllung eines Vertrags oder vorvertraglicher Ma\u00dfnahmen erforderlich sind, verarbeiten wir diese auf Grundlage von Art. 6 Abs. 1 lit. b DSGVO. Soweit die Verarbeitung zur Erf\u00fcllung einer rechtlichen Verpflichtung erforderlich ist, basiert sie auf Art. 6 Abs. 1 lit. c DSGVO. Eine Verarbeitung kann auch auf Grundlage unserer berechtigten Interessen gem\u00e4\u00df Art. 6 Abs. 1 lit. f DSGVO erfolgen. Die konkret genutzten Rechtsgrundlagen werden in den jeweiligen Abschnitten dieser Richtlinie benannt.<\/p>\n<\/section>\n<section>\n<h2>5. \u00dcbermittlungen in Drittl\u00e4nder und EU-US-Datenschutzrahmen (DPF)<\/h2>\n<p>Wir nutzen m\u00f6glicherweise Tools von Unternehmen aus L\u00e4ndern, die kein angemessenes Datenschutzniveau im Sinne der EU bieten, sowie US-Dienste, deren Anbieter m\u00f6glicherweise nicht nach dem EU-US-Datenschutzabkommen (DPF) zertifiziert sind. Sind solche Tools aktiv, k\u00f6nnen personenbezogene Daten in diese L\u00e4nder \u00fcbermittelt und dort verarbeitet werden. In L\u00e4ndern ohne ein der EU entsprechendes Datenschutzniveau kann ein angemessener Schutz Ihrer Daten nicht gew\u00e4hrleistet werden. Die USA gelten als sicheres Drittland f\u00fcr \u00dcbermittlungen, sofern der Empf\u00e4nger DPF-zertifiziert ist. In diesem Fall sind \u00dcbermittlungen in die USA zul\u00e4ssig. Informationen zu Zertifizierungen finden Sie auf der offiziellen DPF-Liste. Liegt keine DPF-Zertifizierung vor, st\u00fctzen wir uns \u2013 soweit erforderlich \u2013 auf Standardvertragsklauseln oder andere geeignete Garantien.<\/p>\n<\/section>\n<section>\n<h2>6. Empf\u00e4nger personenbezogener Daten<\/h2>\n<p>Im Rahmen unserer Gesch\u00e4ftst\u00e4tigkeit arbeiten wir mit verschiedenen externen Dienstleistern zusammen. Personenbezogene Daten werden an diese nur weitergegeben, wenn dies zur Vertragserf\u00fcllung erforderlich ist, eine gesetzliche Verpflichtung besteht, wir ein berechtigtes Interesse gem. Art. 6 Abs. 1 lit. f DSGVO haben oder eine sonstige Rechtsgrundlage die Weitergabe erlaubt. Bei der Einschaltung von Auftragsverarbeitern erfolgt die Weitergabe ausschlie\u00dflich auf Grundlage eines g\u00fcltigen Auftragsverarbeitungsvertrages; im Falle einer gemeinsamen Verantwortlichkeit schlie\u00dfen wir einen Vertrag \u00fcber die gemeinsame Verantwortlichkeit ab.<\/p>\n<\/section>\n<section>\n<h2>7. Ihre Rechte<\/h2>\n<h3>Recht auf Widerruf der Einwilligung<\/h3>\n<p>Viele Datenverarbeitungsvorg\u00e4nge sind nur mit Ihrer ausdr\u00fccklichen Einwilligung m\u00f6glich. Sie k\u00f6nnen eine bereits erteilte Einwilligung jederzeit mit Wirkung f\u00fcr die Zukunft widerrufen. Die Rechtm\u00e4\u00dfigkeit der bis zum Widerruf erfolgten Datenverarbeitung bleibt vom Widerruf unber\u00fchrt.<\/p>\n<h3>Widerspruchsrecht gegen die Verarbeitung (einschlie\u00dflich Direktmarketing) \u2013 Artikel 21 DSGVO<\/h3>\n<p>Wenn die Verarbeitung auf Grundlage von Art. 6 Abs. 1 lit. e oder f DSGVO erfolgt, haben Sie das Recht, aus Gr\u00fcnden, die sich aus Ihrer besonderen Situation ergeben, jederzeit Widerspruch gegen die Verarbeitung Sie betreffender personenbezogener Daten zum Zwecke derartiger Werbung einzulegen; dies gilt auch f\u00fcr das Profiling, soweit es mit solcher Direktwerbung in Verbindung steht.<\/p>\n<h3>Recht auf Beschwerde bei einer Aufsichtsbeh\u00f6rde<\/h3>\n<p>Wenn Sie der Ansicht sind, dass die Verarbeitung Ihrer personenbezogenen Daten gegen die DSGVO verst\u00f6\u00dft, haben Sie das Recht auf Beschwerde bei einer Aufsichtsbeh\u00f6rde, insbesondere in dem Mitgliedstaat Ihres Aufenthaltsorts, Ihres Arbeitsplatzes oder des Orts des mutma\u00dflichen Versto\u00dfes.<\/p>\n<h3>Recht auf Daten\u00fcbertragbarkeit<\/h3>\n<p>Sie haben das Recht, Daten, die wir auf Grundlage Ihrer Einwilligung oder in Erf\u00fcllung eines Vertrags automatisiert verarbeiten, an sich oder an einen anderen Verantwortlichen \u00fcbermitteln zu lassen, soweit dies technisch machbar ist.<\/p>\n<h3>Recht auf Auskunft, Berichtigung, L\u00f6schung und Einschr\u00e4nkung der Verarbeitung<\/h3>\n<p>Sie haben im Rahmen der geltenden gesetzlichen Bestimmungen jederzeit das Recht auf unentgeltliche Auskunft \u00fcber Ihre gespeicherten personenbezogenen Daten, deren Herkunft und Empf\u00e4nger und den Zweck der Datenverarbeitung. Sie haben ggf. ein Recht auf Berichtigung, L\u00f6schung oder Einschr\u00e4nkung der Verarbeitung.<\/p>\n<\/section>\n<section>\n<h2>8. Aufbewahrungsdauer<\/h2>\n<p>Soweit innerhalb dieser Erkl\u00e4rung keine speziellere Speicherdauer angegeben ist, verbleiben personenbezogene Daten bei uns, bis der Zweck f\u00fcr die Verarbeitung entf\u00e4llt. Wenn Sie wirksam die L\u00f6schung beantragen oder eine Einwilligung widerrufen, werden Ihre Daten gel\u00f6scht, sofern wir keine anderen rechtlich zul\u00e4ssigen Gr\u00fcnde f\u00fcr die Speicherung haben (z.B. steuer- oder handelsrechtliche Aufbewahrungsfristen); im letztgenannten Fall erfolgt die L\u00f6schung nach Fortfall dieser Gr\u00fcnde.<\/p>\n<\/section>\n<section>\n<h2>9. SSL\/TLS-Verschl\u00fcsselung<\/h2>\n<p>Aus Sicherheitsgr\u00fcnden und zum Schutz der \u00dcbertragung vertraulicher Inhalte nutzt diese Seite eine SSL-bzw. TLS-Verschl\u00fcsselung.<\/p>\n<\/section>\n<section>\n<h2>10. Auf dieser Website erfasste Daten<\/h2>\n<h3>Cookies, Local Storage &amp; Consent Management (Complianz)<\/h3>\n<p>Unsere Website nutzt Cookies und \u00e4hnliche Technologien (z. B. Local Storage). Cookies sind kleine Datenpakete, die auf Ihrem Endger\u00e4t keinen Schaden anrichten. Cookies k\u00f6nnen f\u00fcr die Dauer einer Sitzung (Session-Cookies) oder dauerhaft (persistente Cookies) gespeichert werden. Session-Cookies werden nach Ihrem Besuch automatisch gel\u00f6scht; persistente Cookies bleiben gespeichert, bis Sie diese l\u00f6schen oder Ihr Browser sie automatisch entfernt. Cookies k\u00f6nnen von uns (First-Party) oder von Drittanbietern (Third-Party-Cookies) gesetzt werden. Erforderliche Cookies sind f\u00fcr den technischen Betrieb der Website erforderlich. Die Speicherung der erforderlichen Cookies beruht auf unserem berechtigten Interesse gem\u00e4\u00df Art. 6 Abs. 1 lit. f DSGVO. Sofern wir Ihre Einwilligung f\u00fcr optionale Cookies oder \u00e4hnliche Wiedererkennungstechnologien einholen, erfolgt die Verarbeitung auf Grundlage von Art. 6 Abs. 1 lit. a DSGVO und \u00a7 25 Abs. 1 TDDDG; Ihre Einwilligung ist jederzeit widerrufbar.<\/p>\n<h4>Consent Management mit Complianz<\/h4>\n<p>Wir nutzen das Consent Management Tool <strong>Compliance<\/strong> um Ihre Einwilligungen einzuholen, zu verwalten und zu dokumentieren. Der Anbieter ist <strong>Complianz BV, Atoomweg 6B, 9743 AK Groningen, Niederlande<\/strong>Complianz setzt technisch notwendige Cookies oder gleichwertige Technologien, um Ihre Auswahl (z. B. Einwilligung\/Ablehnung) zu speichern. Rechtsgrundlagen: Art. 6 Abs. 1 lit. c DSGVO i.V.m. Art. 7 DSGVO (Erf\u00fcllung rechtlicher Pflichten zur Dokumentation von Einwilligungen) sowie unser berechtigtes Interesse an einem rechtskonformen und nutzerfreundlichen Einwilligungsmanagement (Art. 6 Abs. 1 lit. f DSGVO). Weitere Informationen finden Sie im Impressum des Anbieters.<\/p>\n<h3>Server-Log-Dateien<\/h3>\n<p>Der Provider der Seiten erhebt und speichert automatisch Informationen in so genannten Server-Log-Dateien, die Ihr Browser automatisch \u00fcbermittelt. Dies sind Browsertyp und -version, verwendetes Betriebssystem, Referrer-URL, Hostname des zugreifenden Rechners, Uhrzeit der Serveranfrage und die IP-Adresse (soweit technisch m\u00f6glich gek\u00fcrzt). Eine Zusammenf\u00fchrung dieser Daten mit anderen Datenquellen wird nicht vorgenommen. Die Verarbeitung erfolgt auf Grundlage unseres berechtigten Interesses (Art. 6 Abs. 1 lit. f DSGVO) an der technischen Sicherheit und Stabilit\u00e4t der Website.<\/p>\n<h3>Kontaktaufnahme per E-Mail<\/h3>\n<p>Wenn Sie per E-Mail Kontakt mit uns aufnehmen, werden Ihre Angaben (inkl. Ihrer Kontaktdaten) zwecks Bearbeitung der Anfrage und f\u00fcr den Fall von Anschlussfragen bei uns gespeichert. Diese Daten geben wir nicht ohne Ihre Einwilligung weiter. Rechtsgrundlagen sind Art. 6 Abs. 1 lit. b) DSGVO (vorvertragliche Ma\u00dfnahmen\/Vertragserf\u00fcllung) bzw. unser berechtigtes Interesse an der Bearbeitung Ihres Anliegens (Art. 6 Abs. 1 lit. f) DSGVO).<\/p>\n<h3>Newsletter (falls verwendet)<\/h3>\n<p>Wenn wir einen Newsletter anbieten und Sie sich daf\u00fcr anmelden, ben\u00f6tigen wir von Ihnen eine E-Mail-Adresse sowie Informationen, welche uns die \u00dcberpr\u00fcfung gestatten, dass Sie der Inhaber der angegebenen E-Mail-Adresse sind und mit dem Empfang des Newsletters einverstanden sind. Die Verarbeitung erfolgt ausschlie\u00dflich auf Grundlage Ihrer Einwilligung (Art. 6 Abs. 1 lit. a DSGVO). Sie k\u00f6nnen Ihre Einwilligung jederzeit widerrufen, etwa \u00fcber den Abmeldelink im Newsletter.<\/p>\n<\/section>\n<section>\n<h2>11. Webanalyse (selbst gehostet)<\/h2>\n<p>Zur Reichweitenmessung und statistischen Auswertung der Nutzung verwenden wir ein selbstgehostetes, unabh\u00e4ngiges Webanalysetool auf unserem Server. Eine Weitergabe der Daten an Dritte erfolgt nicht. Wir verarbeiten ausschlie\u00dflich pseudonymisierte oder anonymisierte Nutzungsdaten (z.B. aufgerufene Seiten, Referrer, Zeitstempel, gek\u00fcrzte IP-Adresse, Ger\u00e4tetyp und Browser). Es werden keine personenbezogenen Nutzerprofile erstellt und keine Daten mit anderen Quellen zusammengef\u00fchrt. Soweit technisch notwendig, k\u00f6nnen kurzlebige, unbedingt erforderliche Cookies eingesetzt werden. Die Verarbeitung erfolgt auf Grundlage unseres berechtigten Interesses (Art. 6 Abs. 1 lit. f DSGVO) an der Analyse der Nutzung zur Verbesserung unseres Angebots. Sie k\u00f6nnen der Verarbeitung jederzeit aus Gr\u00fcnden, die sich aus Ihrer besonderen Situation ergeben, widersprechen (Art. 21 DSGVO). Soweit im Einzelfall eine Einwilligung erforderlich ist (z.B. optionale Cookies), st\u00fctzen wir uns auf Art. 6 Abs. 1 lit. a DSGVO und \u00a7 25 Abs. 1 TDDDG; die Einwilligung ist jederzeit widerrufbar.<\/p>\n<\/section>\n<section>\n<h2>12. Plugins &amp; Inhalte Dritter<\/h2>\n<h3>Google Maps<\/h3>\n<p>Diese Webseite bindet Kartenmaterial von Google Maps ein. Der Anbieter ist <strong>Google Ireland Limited, Gordon House, Barrow Street, Dublin 4, Irland<\/strong>Zur Nutzung der Funktionen von Google Maps ist die Verarbeitung Ihrer IP-Adresse erforderlich. Diese Informationen werden in der Regel an Server von Google \u00fcbertragen und dort gespeichert, wobei es auch zu \u00dcbermittlungen in die USA kommen kann. Die Einbindung erfolgt ausschlie\u00dflich nach Ihrer Einwilligung \u00fcber unser Einwilligungsmanagement (Art. 6 Abs. 1 lit. a DSGVO und \u00a7 25 Abs. 1 TDDDG). Ihre Einwilligung k\u00f6nnen Sie jederzeit widerrufen. Weitere Informationen finden Sie in der Datenschutzerkl\u00e4rung von Google.<\/p>\n<h3>YouTube (Einwilligungs- und erweiterter Datenschutzmodus)<\/h3>\n<p>Diese Website kann Videos der Plattform YouTube einbetten. Der Anbieter ist <strong>Google Ireland Limited, Gordon House, Barrow Street, Dublin 4, Irland<\/strong>Die Einbettung von YouTube-Videos erfolgt nur nach Ihrer ausdr\u00fccklichen Einwilligung \u00fcber unser Consent-Management-Tool <strong>Compliance<\/strong>Vor der Einwilligung wird keine Verbindung zu Servern von YouTube hergestellt und es werden keine Cookies oder vergleichbare Technologien von YouTube gesetzt. Nach Ihrer Einwilligung wird das Video im sog. <em>erweiterter Datenschutzmodus<\/em> mithilfe der URL <code>youtube-nocookie.com<\/code>. Laut YouTube werden in diesem Modus keine Cookies f\u00fcr personalisiertes Surfen gesetzt, bevor Sie das Video starten. Erst beim Abspielen des Videos k\u00f6nnen personenbezogene Daten verarbeitet werden (z. B. IP-Adresse, Interaktionen mit dem Video). Diese Daten k\u00f6nnen an Server von Google in den USA \u00fcbertragen werden. Die Nutzung von YouTube erfolgt auf Grundlage Ihrer Einwilligung gem\u00e4\u00df Art. 6 Abs. 1 lit. a DSGVO und \u00a7 25 Abs. 1 TDDDG. Sie k\u00f6nnen Ihre Einwilligung jederzeit mit Wirkung f\u00fcr die Zukunft widerrufen, indem Sie Ihre <a href=\"#cmplz-manage-consent\">Cookie Einstellungen<\/a>Weitere Informationen finden Sie unter <a href=\"https:\/\/policies.google.com\/privacy?hl=en\" target=\"_blank\" rel=\"noopener noreferrer\">Datenschutzerkl\u00e4rung von Google<\/a>.<\/p>\n<h3>Google Fonts (lokal) und Font Awesome (lokal)<\/h3>\n<p>Zur einheitlichen Darstellung der Schriftarten verwenden wir lokal gehostete Google Fonts. Eine Verbindung zu den Servern von Google wird dabei nicht hergestellt. Auch Font Awesome wird lokal eingebunden. Es werden keine Daten an die jeweiligen Anbieter \u00fcbermittelt.<\/p>\n<h3>Wordfence<\/h3>\n<p>Um die Website vor unerw\u00fcnschten Zugriffen oder b\u00f6sartigen Cyberangriffen zu sch\u00fctzen, verwenden wir die Sicherheitssoftware Wordfence. Anbieter: <strong>Defiant Inc., 800 5th Ave Ste 4100, Seattle, WA 98104, USA<\/strong>Zu diesem Zweck verbindet sich unsere Website mit den Servern von Wordfence, um Zugriffe mit Sicherheitsdatenbanken abzugleichen und gegebenenfalls zu sperren. Rechtsgrundlage: Art. 6 Abs. 1 lit. f DSGVO (berechtigtes Interesse an einem effektiven Schutz der Website). Soweit erforderlich, basieren \u00dcbermittlungen in die USA auf Standardvertragsklauseln und zus\u00e4tzlichen Garantien.<\/p>\n<\/section>\n<section>\n<h2>13. Auftragsverarbeitungsvereinbarung<\/h2>\n<p>Mit unserem Hosting-Anbieter haben wir einen Auftragsverarbeitungsvertrag (Art. 28 DSGVO) abgeschlossen. Dieser stellt sicher, dass personenbezogene Daten der Besucher dieser Website ausschlie\u00dflich nach unseren Weisungen und unter Einhaltung der DSGVO verarbeitet werden. Dies umfasst auch die Nutzung des Content Delivery Networks.<\/p>\n<\/section>\n<section>\n<h2>14. \u00c4nderungen dieser Richtlinie<\/h2>\n<p>Wir behalten uns vor, diese Datenschutzerkl\u00e4rung anzupassen, damit sie stets den aktuellen rechtlichen Anforderungen entspricht oder um \u00c4nderungen unserer Leistungen umzusetzen. F\u00fcr Ihren erneuten Besuch gilt dann die neue Datenschutzerkl\u00e4rung.<\/p>\n<\/section>\n<section>\n<h2>15. Kontaktinformationen<\/h2>\n<p data-start=\"109\" data-end=\"169\">Cappi BV<br data-start=\"119\" data-end=\"122\" \/>Weena 788<br data-start=\"131\" data-end=\"134\" \/>3014 DA Rotterdam<br data-start=\"151\" data-end=\"154\" \/>Niederlande<\/p>\n<p data-start=\"171\" data-end=\"235\">E-Mail: <a class=\"decorated-link cursor-pointer\" rel=\"noopener\" data-start=\"178\" data-end=\"210\">connect@cappi-sustainability.com<\/a><br data-start=\"210\" data-end=\"213\" \/>Telefon: +31 618 048 468<\/p>\n<br \/>\n<p>Weitere Informationen zum Datenschutz finden Sie in dieser Datenschutzerkl\u00e4rung. Unser Impressum finden Sie auf der jeweiligen Seite.<\/p>\n<\/section>\n<p>Quelle: <a href=\"https:\/\/www.e-recht24.de\" target=\"_blank\" rel=\"noopener noreferrer\">https:\/\/www.e-recht24.de<\/a><\/p>\n<\/article>\t\t\t\t\t\t\t\t<\/div>\n\t\t\t\t<\/div>\n\t\t\t\t\t<\/div>\n\t\t\t\t<\/div>\n\t\t\t\t<\/div>","protected":false},"excerpt":{"rendered":"<p>Last updated: 13 August 2025 Table of Contents Data Protection at a Glance Information About the Controller Hosting and Content Delivery Network (CDN) General Notes on Legal Bases Transfers to Third Countries &amp; EU\u2013US DPF Recipients of Personal Data Your Rights Retention Period SSL\/TLS Encryption Data Collected on This Website Cookies, Local Storage &amp; Consent [&hellip;]<\/p>\n","protected":false},"author":1,"featured_media":0,"parent":0,"menu_order":0,"comment_status":"closed","ping_status":"open","template":"","meta":{"iawp_total_views":33,"footnotes":""},"class_list":["post-3","page","type-page","status-publish","hentry"],"_links":{"self":[{"href":"https:\/\/cappi-sustainability.com\/de\/wp-json\/wp\/v2\/pages\/3","targetHints":{"allow":["GET"]}}],"collection":[{"href":"https:\/\/cappi-sustainability.com\/de\/wp-json\/wp\/v2\/pages"}],"about":[{"href":"https:\/\/cappi-sustainability.com\/de\/wp-json\/wp\/v2\/types\/page"}],"author":[{"embeddable":true,"href":"https:\/\/cappi-sustainability.com\/de\/wp-json\/wp\/v2\/users\/1"}],"replies":[{"embeddable":true,"href":"https:\/\/cappi-sustainability.com\/de\/wp-json\/wp\/v2\/comments?post=3"}],"version-history":[{"count":53,"href":"https:\/\/cappi-sustainability.com\/de\/wp-json\/wp\/v2\/pages\/3\/revisions"}],"predecessor-version":[{"id":5463,"href":"https:\/\/cappi-sustainability.com\/de\/wp-json\/wp\/v2\/pages\/3\/revisions\/5463"}],"wp:attachment":[{"href":"https:\/\/cappi-sustainability.com\/de\/wp-json\/wp\/v2\/media?parent=3"}],"curies":[{"name":"wp","href":"https:\/\/api.w.org\/{rel}","templated":true}]}}